{"id":267,"date":"2020-11-30T07:46:36","date_gmt":"2020-11-30T06:46:36","guid":{"rendered":"http:\/\/www.ceisreggio.it\/?page_id=267"},"modified":"2025-07-11T14:17:45","modified_gmt":"2025-07-11T12:17:45","slug":"5-per-mille","status":"publish","type":"page","link":"https:\/\/www.solidarieta.re.it\/index.php\/5-per-mille\/","title":{"rendered":"Come devolvere il 5 per mille al Centro di Solidariet\u00e0 di Reggio Emilia"},"content":{"rendered":"\n<p>Chi vuole sostenere il Centro di Solidariet\u00e0 di Reggio Emilia con il proprio 5 per mille, deve inserire il&nbsp;<strong>codice fiscale 01134820354<\/strong>&nbsp;nello spazio titolato <em><strong>&#8220;Sostegno del volontariato e delle altre organizzazioni non lucrative, delle associazioni di promozione sociale e delle fondazioni riconosciute..&#8221;<\/strong><\/em> e apporre la propria firma nella dichiarazione dei redditi<\/p>\n\n\n\n<div class=\"wp-block-image\"><figure class=\"aligncenter size-large\"><img loading=\"lazy\" width=\"647\" height=\"647\" src=\"http:\/\/www.ceisreggio.it\/wp-content\/uploads\/2020\/12\/5x1000-2020.png\" alt=\"\" class=\"wp-image-595\" srcset=\"https:\/\/www.solidarieta.re.it\/wp-content\/uploads\/2020\/12\/5x1000-2020.png 647w, https:\/\/www.solidarieta.re.it\/wp-content\/uploads\/2020\/12\/5x1000-2020-300x300.png 300w, https:\/\/www.solidarieta.re.it\/wp-content\/uploads\/2020\/12\/5x1000-2020-150x150.png 150w\" sizes=\"(max-width: 647px) 100vw, 647px\" \/><\/figure><\/div>\n\n\n\n<p>Il 5 per mille \u00e8 una misura fiscale che consente ai contribuenti di destinare una quota dell\u2019IRPEF a enti che si occupano di attivit\u00e0 di interesse sociale, ed \u00e8 diventato un mezzo di sostentamento indispensabile per gli enti non profit.<br>Grazie ad esso, i cittadini, con le loro preferenze, permettono uno sviluppo armonico e responsabile del cosiddetto terzo settore, anche in virt\u00f9 del fatto che le associazioni sono tenute a dimostrare come hanno impiegato le risorse ricevute.<\/p>\n\n\n\n<p>Il 5 per mille rappresenta per il cittadino un modo democratico per sostenere attivit\u00e0 socialmente utili senza alcun aggravio.<br>Potendo scegliere i beneficiari di una quota dell&#8217;imposta sul reddito, il contribuente esercita una sovranit\u00e0 inusuale, dal momento che di solito spetta al Parlamento stabilire l&#8217;impiego del gettito fiscale, \u00e8 una forma di sussidiariet\u00e0 orizzontale, un principio che implica la collaborazione del cittadino con le istituzioni per l&#8217;attuazione di interventi socialmente rilevanti.<\/p>\n\n\n\n<p><\/p>\n","protected":false},"excerpt":{"rendered":"<p>Chi vuole sostenere il Centro di Solidariet\u00e0 di Reggio Emilia con il proprio 5 per mille, deve inserire il&nbsp;codice fiscale 01134820354&nbsp;nello spazio titolato &#8220;Sostegno del volontariato e delle altre organizzazioni non lucrative, delle associazioni di promozione sociale e delle fondazioni riconosciute..&#8221; e apporre la propria firma nella dichiarazione dei redditi Il 5 per mille \u00e8 [&hellip;]<\/p>\n","protected":false},"author":2,"featured_media":0,"parent":0,"menu_order":0,"comment_status":"closed","ping_status":"closed","template":"","meta":[],"_links":{"self":[{"href":"https:\/\/www.solidarieta.re.it\/index.php\/wp-json\/wp\/v2\/pages\/267"}],"collection":[{"href":"https:\/\/www.solidarieta.re.it\/index.php\/wp-json\/wp\/v2\/pages"}],"about":[{"href":"https:\/\/www.solidarieta.re.it\/index.php\/wp-json\/wp\/v2\/types\/page"}],"author":[{"embeddable":true,"href":"https:\/\/www.solidarieta.re.it\/index.php\/wp-json\/wp\/v2\/users\/2"}],"replies":[{"embeddable":true,"href":"https:\/\/www.solidarieta.re.it\/index.php\/wp-json\/wp\/v2\/comments?post=267"}],"version-history":[{"count":6,"href":"https:\/\/www.solidarieta.re.it\/index.php\/wp-json\/wp\/v2\/pages\/267\/revisions"}],"predecessor-version":[{"id":3597,"href":"https:\/\/www.solidarieta.re.it\/index.php\/wp-json\/wp\/v2\/pages\/267\/revisions\/3597"}],"wp:attachment":[{"href":"https:\/\/www.solidarieta.re.it\/index.php\/wp-json\/wp\/v2\/media?parent=267"}],"curies":[{"name":"wp","href":"https:\/\/api.w.org\/{rel}","templated":true}]}}