{"id":2476,"date":"2021-04-01T07:03:05","date_gmt":"2021-04-01T05:03:05","guid":{"rendered":"http:\/\/www.ceisreggio.it\/?page_id=2476"},"modified":"2024-03-06T15:43:05","modified_gmt":"2024-03-06T14:43:05","slug":"cookie-policy","status":"publish","type":"page","link":"https:\/\/www.solidarieta.re.it\/index.php\/cookie-policy\/","title":{"rendered":"COOKIE POLICY"},"content":{"rendered":"\n<p>Questo sito web \u00e8 di <strong>titolarit\u00e0<\/strong> di Centro di Solidariet\u00e0 di Reggio Emilia Onlus Via Codro n. 1\/1 42123 Reggio Emilia &#8211; P.IVA P.Iva01134820354. <br>Dati di contatto nella pagina contatti del presente sito web.<\/p>\n\n\n\n<p><strong>Cosa sono i cookie e terminologia<\/strong><\/p>\n\n\n\n<p>I&nbsp;<em>cookie&nbsp;<\/em>sono informazioni immesse sul tuo browser quando visiti un sito&nbsp;<em>web&nbsp;<\/em>o utilizzi un&nbsp;<em>social network <\/em>con il tuo pc,&nbsp;<em>smartphone&nbsp;<\/em>o&nbsp;<em>tablet<\/em>.<\/p>\n\n\n\n<p>Ogni&nbsp;<em>cookie&nbsp;<\/em>contiene diversi dati come, ad esempio, il nome del&nbsp;<em>server&nbsp;<\/em>da cui proviene, un identificatore numerico, ecc..<\/p>\n\n\n\n<p>I&nbsp;<em>cookie&nbsp;<\/em>possono rimanere nel sistema per la durata di una sessione (cio\u00e8 fino a che non si chiude il<em>browser&nbsp;<\/em>utilizzato per la navigazione sul&nbsp;<em>web<\/em>) o per lunghi periodi e possono contenere un codice identificativo unico.<\/p>\n\n\n\n<p>Alcuni&nbsp;<em>cookie&nbsp;<\/em>sono usati per eseguire autenticazioni informatiche, monitoraggio di sessioni e memorizzazione di informazioni specifiche sugli utenti che accedono ad una pagina&nbsp;<em>web<\/em>.<\/p>\n\n\n\n<p>Questi&nbsp;<em>cookie<\/em>, cosiddetti&nbsp;<strong>tecnici<\/strong>, sono spesso utili, perch\u00e9 possono rendere pi\u00f9 veloce e rapida la navigazione e fruizione del&nbsp;<em>web<\/em>, perch\u00e9 ad esempio intervengono a facilitare alcune procedure quando fai acquisti&nbsp;<em>online<\/em>, quando ti autentichi ad aree ad accesso riservato o quando un sito&nbsp;<em>web <\/em>riconosce in automatico la lingua che utilizzi di solito.<\/p>\n\n\n\n<p>Una particolare tipologia di&nbsp;<em>cookie<\/em>, detti&nbsp;<em>analytics<\/em>, \u00e8 poi utilizzata dai gestori dei siti&nbsp;<em>web&nbsp;<\/em>per raccogliere informazioni, in forma aggregata, sul numero degli utenti e su come questi visitano il sito stesso, e quindi elaborare statistiche generali sul servizio e sul suo utilizzo.<\/p>\n\n\n\n<p>Altri&nbsp;<em>cookie&nbsp;<\/em>possono invece essere utilizzati per monitorare e profilare gli utenti durante la navigazione, studiare i loro movimenti e abitudini di consultazione del&nbsp;<em>web&nbsp;<\/em>o di consumo (cosa comprano, cosa leggono, ecc.), anche allo scopo di inviare pubblicit\u00e0 di servizi mirati e personalizzati (<em>c.d. Behavioural Advertising<\/em>). Parliamo in questo caso di&nbsp;<em>cookie&nbsp;<\/em><strong>di profilazione.<\/strong>&nbsp;<\/p>\n\n\n\n<p>Pu\u00f2 accadere anche che una pagina&nbsp;<em>web&nbsp;<\/em>contenga&nbsp;<em>cookie&nbsp;<\/em>provenienti da altri siti e contenuti in vari elementi ospitati sulla pagina stessa, come ad esempio&nbsp;<em>banner&nbsp;<\/em>pubblicitari, immagini, video, ecc.. Parliamo, in questi casi, dei cosiddetti&nbsp;<em>cookie&nbsp;<\/em><strong>terze parti<\/strong>.Cos\u00ec i&nbsp;<em>cookie&nbsp;<\/em>che scarichi su pc,&nbsp;<em>smartphone&nbsp;<\/em>e&nbsp;<em>tablet&nbsp;<\/em>possono essere letti anche da altri soggetti, diversi da quelli che gestiscono le pagine&nbsp;<em>web&nbsp;<\/em>che visiti.<\/p>\n\n\n\n<p>Per Opt-out si intende letteralmente opzione di uscita. Nella presente trattazione indica la modalit\u00e0 di disattivazione dei cookie o di certe tipologie di cookie.Informiamo che di default quasi tutti i Browser sono impostati per accettare automaticamente i Cookies quindi se si vogliono disattivare i cookie queste informazioni risultano essere importanti.<\/p>\n\n\n\n<p><strong>Informazioni sui Cookies impiegati su questo website<\/strong><\/p>\n\n\n\n<p><em>Precisazioni:<\/em><\/p>\n\n\n\n<p><em>&#8211; Si precisa che salvo particolari indicazioni di seguito riportate non ci sono trasferimenti dei dati in stati che non appartengono all\u2019UE.<\/em><\/p>\n\n\n\n<p><em>&#8211; Si precisa che i soggetti terzi titolari dei cookie di terzi parti, di seguito elencati con i relativi collegamenti alle politiche sulla privacy, sono tipicamente autonomi titolari del trattamento dei dati raccolti attraverso i cookie da essi serviti.Quindi occorre fare riferimento alle loro politiche di trattamento dei dati personali nonch\u00e9 alle rispettive modalit\u00e0 di consenso (come precisato nel Provvedimento Generale Individuazione delle modalit\u00e0 semplificate per l\u2019informativa e l\u2019acquisizione del consenso per l\u2019uso dei cookie \u2013 8 maggio 2014):<\/em><\/p>\n\n\n\n<p><strong><em>&#8211; COOKIE TECNICI DI PRIMA PARTE<\/em><\/strong><\/p>\n\n\n\n<p><strong>Tipologia di dati trattati<\/strong>: <a>gli indirizzi IP, il tipo di browser utilizzato ed altri parametri relativi al sistema operativo e all\u2019ambiente informatico dell\u2019utente.<\/a><\/p>\n\n\n\n<p><strong>Finalit\u00e0<\/strong>:visualizzare correttamente il sito su diversi dispositivi, accedere alle aree riservate di questo sito, etc..<\/p>\n\n\n\n<p><strong>Opt-out:<\/strong><\/p>\n\n\n\n<p>Anche quando si abbia gi\u00e0 prestato il consenso attraverso una delle modalit\u00e0 descritte nell\u2019informativa semplificata presentata al momento del suo primo accesso su questo sito si pu\u00f2 scegliere di modificare o revocare in tutto o in parte il consenso prestato con le metodologie di seguito riportate.<\/p>\n\n\n\n<p>Per disabilitare i cookie, a seconda del browser impiegato, potete usare una di queste guide:<\/p>\n\n\n\n<p><a href=\"https:\/\/support.google.com\/accounts\/answer\/61416?hl=it\" target=\"_blank\" rel=\"noreferrer noopener\">Clicca qui per vedere come disabilitare i cookie sul browser Chrome<\/a><br><a href=\"https:\/\/support.mozilla.org\/it\/kb\/Attivare%20e%20disattivare%20i%20cookie\" target=\"_blank\" rel=\"noreferrer noopener\">Clicca qui per vedere come disabilitare i cookie sul browser Firefox<\/a><br><a href=\"https:\/\/www.apple.com\/legal\/privacy\/it\/cookies\/\" target=\"_blank\" rel=\"noreferrer noopener\">Clicca qui per vedere come disabilitare i cookie sul browser Safari<\/a><br><a href=\"http:\/\/windows.microsoft.com\/it-it\/internet-explorer\/delete-manage-cookies#ie=ie-11\" target=\"_blank\" rel=\"noreferrer noopener\">Clicca qui per vedere come disabilitare i cookie sul browser Internet Explorer<\/a><\/p>\n\n\n\n<p>In generale esistono varie possibilit\u00e0 di gestione dei Cookies e, a tal proposito, l\u2019utente\/visitatore pu\u00f2 fare riferimento al manuale d\u2019istruzioni o alla schermata di aiuto del suo Browser per scoprire come configurare o modificare le impostazioni sui Cookies. In caso di utilizzo di Dispositivi diversi (ad es. personal computer, smartphone, tablet, ecc.), l\u2019utente\/visitatore dovr\u00e0 assicurarsi che ciascun Browser su ogni Dispositivo impiegato venga configurato in modo tale da riflettere le proprie preferenze relative all\u2019utilizzo dei Cookies.<\/p>\n\n\n\n<p>Questo link offre un\u2019ulteriore possibilit\u00e0 di verifica dei cookie installati sul proprio browser e la relativa disabilitazione selettiva:&nbsp;<a href=\"http:\/\/www.youronlinechoices.com\/it\/le-tue-scelte\" target=\"_blank\" rel=\"noreferrer noopener\">http:\/\/www.youronlinechoices.com\/it\/le-tue-scelte<\/a><\/p>\n","protected":false},"excerpt":{"rendered":"<p>Questo sito web \u00e8 di titolarit\u00e0 di Centro di Solidariet\u00e0 di Reggio Emilia Onlus Via Codro n. 1\/1 42123 Reggio Emilia &#8211; P.IVA P.Iva01134820354. Dati di contatto nella pagina contatti del presente sito web. Cosa sono i cookie e terminologia I&nbsp;cookie&nbsp;sono informazioni immesse sul tuo browser quando visiti un sito&nbsp;web&nbsp;o utilizzi un&nbsp;social network con il [&hellip;]<\/p>\n","protected":false},"author":2,"featured_media":0,"parent":0,"menu_order":0,"comment_status":"closed","ping_status":"closed","template":"","meta":[],"_links":{"self":[{"href":"https:\/\/www.solidarieta.re.it\/index.php\/wp-json\/wp\/v2\/pages\/2476"}],"collection":[{"href":"https:\/\/www.solidarieta.re.it\/index.php\/wp-json\/wp\/v2\/pages"}],"about":[{"href":"https:\/\/www.solidarieta.re.it\/index.php\/wp-json\/wp\/v2\/types\/page"}],"author":[{"embeddable":true,"href":"https:\/\/www.solidarieta.re.it\/index.php\/wp-json\/wp\/v2\/users\/2"}],"replies":[{"embeddable":true,"href":"https:\/\/www.solidarieta.re.it\/index.php\/wp-json\/wp\/v2\/comments?post=2476"}],"version-history":[{"count":3,"href":"https:\/\/www.solidarieta.re.it\/index.php\/wp-json\/wp\/v2\/pages\/2476\/revisions"}],"predecessor-version":[{"id":3370,"href":"https:\/\/www.solidarieta.re.it\/index.php\/wp-json\/wp\/v2\/pages\/2476\/revisions\/3370"}],"wp:attachment":[{"href":"https:\/\/www.solidarieta.re.it\/index.php\/wp-json\/wp\/v2\/media?parent=2476"}],"curies":[{"name":"wp","href":"https:\/\/api.w.org\/{rel}","templated":true}]}}