{"id":2474,"date":"2021-04-01T07:01:06","date_gmt":"2021-04-01T05:01:06","guid":{"rendered":"http:\/\/www.ceisreggio.it\/?page_id=2474"},"modified":"2024-03-06T15:36:26","modified_gmt":"2024-03-06T14:36:26","slug":"privacy-policy","status":"publish","type":"page","link":"https:\/\/www.solidarieta.re.it\/index.php\/privacy-policy\/","title":{"rendered":"PRIVACY POLICY"},"content":{"rendered":"\n<p><em><strong>Per noi la tua privacy \u00e8 importante, leggi di seguito<\/strong><\/em><\/p>\n\n\n\n<p><strong>Chi \u00e8 il Titolare al trattamento dei dati e come contattarlo<\/strong><br><strong>Ragione sociale<\/strong>: Centro di Solidariet\u00e0 di Reggio Emilia Onlus<br><strong>Indirizzo<\/strong>: Via Codro n. 1\/1 &#8211; 42123 Reggio Emilia<br><strong>P.IVA<\/strong>: 01134820354<br><strong>C.F<\/strong>.: 01134820354<br><strong>E-mail<\/strong>: \u00a0<a rel=\"noreferrer noopener\" href=\"mailto:centro.solidarieta@solidarieta.re.it\" target=\"_blank\">centro.solidarieta@solidarieta.re.it<\/a><br><strong>Telefono<\/strong>: 0522 451800<\/p>\n\n\n\n<p><strong>DATI DI CONTATTO DPO<\/strong><br>E-mail: dpo@ambientelavorosalute.com<\/p>\n\n\n\n<p><strong>TIPOLOGIA DI DATI TRATTATI E FINALITA\u2019 DEL TRATTAMENTO<\/strong><\/p>\n\n\n\n<p><strong>&#8211; Dati di navigazione<\/strong><\/p>\n\n\n\n<p>I sistemi informatici e le procedure&nbsp;<em>software<\/em>&nbsp;preposte al funzionamento di questo sito&nbsp;<em>web<\/em>&nbsp;acquisiscono, nel corso del loro normale esercizio, alcuni dati personali la cui trasmissione \u00e8 implicita nell\u2019uso dei protocolli di comunicazione di Internet. Si tratta di dati delle seguenti tipologia: gli indirizzi IP, il tipo di browser utilizzato ed altri parametri relativi al sistema operativo e all\u2019ambiente informatico dell\u2019utente.<\/p>\n\n\n\n<p>Questi dati possono essere trattati, oltre che da noi dai nostri responsabili esterni alla manutenzione dei sistemi informativi aziendali.<\/p>\n\n\n\n<p>Il trattamento dei tuoi dati personali \u00e8 legittimo in quanto necessario per provvedere a fornirti il servizio che ci hai specificatamente richiesto <a>ai sensi dell\u2019art. 6 comma 1 lettera B del GDPR<\/a>. Il rifiuto a questo trattamento comporta l\u2019impossibilit\u00e0 da parte nostra di fornirti una risposta pertanto \u00e8 impossibile inviare il modulo senza la tua spunta.<\/p>\n\n\n\n<p><strong>\u2013&nbsp;Dati che tu ci invii dal nostro sito web, per e-mail o telefonicamente per richieste di contatto per informazioni o appuntamenti:<\/strong><strong><\/strong><\/p>\n\n\n\n<p>Noi trattiamo questi dati al fine di produrti la migliore risposta. Questi dati possono essere trattati oltre che da noi, dai nostri responsabili esterni alla erogazione dei servizi professionali e alla manutenzione dei sistemi informativi aziendali. Il trattamento dei tuoi dati personali \u00e8 legittimo in quanto necessario per provvedere a fornirti il servizio che ci hai specificatamente richiesto ai sensi dell\u2019art.6 comma 1 lettera B del Regolamento Europeo UE 2016\/679. Il rifiuto a questo trattamento comporta l\u2019impossibilit\u00e0 da parte nostra di fornirti una risposta. Pertanto, ad esempio, \u00e8 impossibile inviare il modulo di contatto su questo sito web senza la tua spunta.<\/p>\n\n\n\n<p><strong>Strumenti e logiche di trattamento dei dati personali<\/strong><\/p>\n\n\n\n<p>In relazione alle finalit\u00e0 qui richiamate, il trattamento avviene mediante strumenti manuali, informatici e telematici con logiche strettamente correlate alle finalit\u00e0 suddette e, comunque, in modo da garantire la sicurezza e la riservatezza dei dati stessi.<\/p>\n\n\n\n<p><strong>Per quanto tempo conserviamo i tuoi dati?<\/strong><\/p>\n\n\n\n<p>I dati sono conservati per 10 anni dall\u2019interruzione del rapporto o, in caso di modifiche normative o di orientamento giurisprudenziale, fino a quando sia necessaria la conservazione per far valere un diritto di ambo le parti.<br>E\u2019 effettuata una periodica verifica sull\u2019obsolescenza dei dati.<\/p>\n\n\n\n<p><strong>Quali sono i tuoi diritti?<\/strong><\/p>\n\n\n\n<p>Hai il diritto di richiedere al titolare del trattamento dei dati l\u2019accesso ai tuoi dati personali tramite i dati di contatto del titolare al trattamento espressi a inizio pagina.<\/p>\n\n\n\n<p>Hai il diritto di richiedere al titolare del trattamento la rettifica \/ la cancellazione \/ la limitazione relativamente ai tuoi dati personali tramite i dati di contatto del titolare al trattamento espressi a inizio pagina.<\/p>\n\n\n\n<p>Hai il diritto di richiedere al titolare del trattamento l\u2019opposizione relativamente al trattamento dei tuoi dati personali tramite i dati di contatto del titolare al trattamento espressi a inizio pagina.<\/p>\n\n\n\n<p>Hai il diritto a ricevere l\u2019elenco completo dei responsabili al trattamento dei dati (interni ed esterni) tramite i dati di contatto del titolare al trattamento espressi a inizio pagina.<\/p>\n\n\n\n<p>Il diritto di proporre reclamo a un\u2019autorit\u00e0 di controllo come il Garante per la Privacy <a rel=\"noreferrer noopener\" href=\"http:\/\/www.garanteprivacy.it\/\" target=\"_blank\">http:\/\/www.garanteprivacy.it\/<\/a><\/p>\n\n\n\n<p><a><strong>Trasferimento estero dei dati<\/strong><\/a> non viene effettuato trasferimento dei dati extra UE.<\/p>\n\n\n\n<p><em><span class=\"has-inline-color has-colibri-color-6-color\">La presente informativa potr\u00e0 subire variazioni e integrazioni nel corso del tempo, ti suggeriamo quindi di verificarla periodicamente. In particolare in caso di rapporti duraturi faremo di tutto per informarti tempestivamente sulle modifiche apportate.<\/span><\/em><\/p>\n","protected":false},"excerpt":{"rendered":"<p>Per noi la tua privacy \u00e8 importante, leggi di seguito Chi \u00e8 il Titolare al trattamento dei dati e come contattarloRagione sociale: Centro di Solidariet\u00e0 di Reggio Emilia OnlusIndirizzo: Via Codro n. 1\/1 &#8211; 42123 Reggio EmiliaP.IVA: 01134820354C.F.: 01134820354E-mail: \u00a0centro.solidarieta@solidarieta.re.itTelefono: 0522 451800 DATI DI CONTATTO DPOE-mail: dpo@ambientelavorosalute.com TIPOLOGIA DI DATI TRATTATI E FINALITA\u2019 DEL TRATTAMENTO [&hellip;]<\/p>\n","protected":false},"author":2,"featured_media":0,"parent":0,"menu_order":0,"comment_status":"closed","ping_status":"closed","template":"","meta":[],"_links":{"self":[{"href":"https:\/\/www.solidarieta.re.it\/index.php\/wp-json\/wp\/v2\/pages\/2474"}],"collection":[{"href":"https:\/\/www.solidarieta.re.it\/index.php\/wp-json\/wp\/v2\/pages"}],"about":[{"href":"https:\/\/www.solidarieta.re.it\/index.php\/wp-json\/wp\/v2\/types\/page"}],"author":[{"embeddable":true,"href":"https:\/\/www.solidarieta.re.it\/index.php\/wp-json\/wp\/v2\/users\/2"}],"replies":[{"embeddable":true,"href":"https:\/\/www.solidarieta.re.it\/index.php\/wp-json\/wp\/v2\/comments?post=2474"}],"version-history":[{"count":4,"href":"https:\/\/www.solidarieta.re.it\/index.php\/wp-json\/wp\/v2\/pages\/2474\/revisions"}],"predecessor-version":[{"id":3367,"href":"https:\/\/www.solidarieta.re.it\/index.php\/wp-json\/wp\/v2\/pages\/2474\/revisions\/3367"}],"wp:attachment":[{"href":"https:\/\/www.solidarieta.re.it\/index.php\/wp-json\/wp\/v2\/media?parent=2474"}],"curies":[{"name":"wp","href":"https:\/\/api.w.org\/{rel}","templated":true}]}}