{"id":244,"date":"2020-11-30T07:40:00","date_gmt":"2020-11-30T06:40:00","guid":{"rendered":"http:\/\/www.ceisreggio.it\/?page_id=244"},"modified":"2021-04-07T05:59:25","modified_gmt":"2021-04-07T03:59:25","slug":"sportello-assistenti-familiari","status":"publish","type":"page","link":"https:\/\/www.solidarieta.re.it\/index.php\/sportello-assistenti-familiari\/","title":{"rendered":"Sportello Assistenti familiari"},"content":{"rendered":"<p>Lo Sportello \u00e8 un punto di incontro, da un lato per le famiglie che si trovano nella necessit\u00e0 di ricorrere ad un aiuto esterno per assistere i propri famigliari non autosufficienti; dall\u2019altro, per i lavoratori o lavoratrici che cercano occupazione nel settore del lavoro domestico e dei servizi alla persona.<\/p>\n<p><strong>CONSULENZA E FORMAZIONE AI FAMIGLIARI<\/strong><br>\nA garanzia del supporto al lavoro di cura della famiglia, lo Sportello effettua un\u2019azione formativa sul ruolo del datore di lavoro e sul mandato da dare alla lavoratrice, quindi sostiene la famiglia nell\u2019assimilazione di un ruolo che spesso si trova a ricoprire per la prima volta. La responsabilit\u00e0 assistenziale, infatti, resta in capo alla famiglia che deve quindi essere in grado di dare un mandato corretto alla lavoratrice perch\u00e9 a sua volta possa assumersi parte di questa responsabilit\u00e0. Responsabilit\u00e0 della famiglia \u00e8 anche quella di monitorare il lavoro dell\u2019assistente, sostenerla e indirizzarla per tutto il suo mandato.<\/p>\n<p><strong>COMPETENZE ASSISTENZIALI E PROGETTO DI VITA<\/strong><br>\nLa formazione ai lavoratori, che \u00e8 erogata anche grazie alla disponibilit\u00e0 di professionisti volontari, \u00e8 fruibile da tutti, anche da assistenti famigliari che gi\u00e0 lavorano, perch\u00e9 \u00e8 organizzata in moduli formativi che si ripetono tutti i mesi. La finalit\u00e0 del percorso formativo, degli incontri di gruppo e dei colloqui individuali con le lavoratrici \u00e8 sia di consolidare la competenza assistenziale che di condividere il progetto di vita. La ragione di questo \u00e8 che il progetto di vita \u00e8 intrinsecamente connesso al progetto lavorativo nell\u2019ambito del lavoro domestico di cura.<\/p>\n<p><strong>ACCOMPAGNAMENTO E MEDIAZIONE NEI CONFLITTI<\/strong><br>\nUn altro aspetto \u00e8 l\u2019azione di accompagnamento che riguarda tutte le persone che sono interessate a confrontarsi sul loro percorso e sulle loro problematiche. L\u2019accompagnamento riguarda le questioni lavorative, ma anche aspetti non strettamente connessi a queste come la residenza, la cittadinanza, i ricongiungimenti famigliari, la ricerca di un alloggio, l\u2019accesso al Servizio Sanitario Nazionale, ecc. Questa azione \u00e8 realizzata sia attraverso colloqui singoli che incontri di gruppo.<br>\nInoltre lo Sportello realizza azioni di mediazione dei conflitti tra datori di lavoro e lavoratrici sia in rapporti di lavoro avviati dallo Sportello che in rapporti di lavoro nati privatamente. Lo Sportello, infatti, opera a garanzia dell\u2019accordo stabilito con la famiglia, per evitare un alto turn over di lavoratrici cercando di ripristinare un equilibrio, dove possibile.<\/p>\n<p><strong>INSERIMENTO DELLE ASSISTENTI FAMIGLIARI NEL SISTEMA DEI SERVIZI<\/strong><br>\nInfine, per quel che riguarda l\u2019inserimento delle assistenti famigliari nel sistema assistenziale, lo Sportello \u00e8 attivato come facilitatore nel contatto, nella conoscenza e nella collaborazione tra le assistenti famigliari e i professionisti coinvolti nella permanenza a casa delle persone anziane e\/o non autosufficienti.<\/p>\n\n\n<p><strong>Centro di Solidariet\u00e0 di Reggio Emilia<\/strong><\/p>\n\n\n\n<p>Via Antonio Urceo Codro, 1\/1<br>42123 Reggio Emilia RE<br>[tel] +39 0522 451800<br>[mail]&nbsp;&nbsp;<a rel=\"noreferrer noopener\" href=\"mailto:centro.solidarieta@solidarieta.re.it\" target=\"_blank\">centro.solidarieta@solidarieta.re.it<\/a><br>[PI &#8211; CF]&nbsp;01134820354<\/p>\n\n\n\n<p> &#8211;<\/p>\n\n\n\n<h5>Modulo di contatto<\/h5>\n\n\n\n\n","protected":false},"excerpt":{"rendered":"<p>Lo Sportello \u00e8 un punto di incontro, da un lato per le famiglie che si trovano nella necessit\u00e0 di ricorrere ad un aiuto esterno per assistere i propri famigliari non autosufficienti; dall\u2019altro, per i lavoratori o lavoratrici che cercano occupazione nel settore del lavoro domestico e dei servizi alla persona. CONSULENZA E FORMAZIONE AI FAMIGLIARI [&hellip;]<\/p>\n","protected":false},"author":3,"featured_media":0,"parent":0,"menu_order":0,"comment_status":"closed","ping_status":"closed","template":"","meta":[],"_links":{"self":[{"href":"https:\/\/www.solidarieta.re.it\/index.php\/wp-json\/wp\/v2\/pages\/244"}],"collection":[{"href":"https:\/\/www.solidarieta.re.it\/index.php\/wp-json\/wp\/v2\/pages"}],"about":[{"href":"https:\/\/www.solidarieta.re.it\/index.php\/wp-json\/wp\/v2\/types\/page"}],"author":[{"embeddable":true,"href":"https:\/\/www.solidarieta.re.it\/index.php\/wp-json\/wp\/v2\/users\/3"}],"replies":[{"embeddable":true,"href":"https:\/\/www.solidarieta.re.it\/index.php\/wp-json\/wp\/v2\/comments?post=244"}],"version-history":[{"count":4,"href":"https:\/\/www.solidarieta.re.it\/index.php\/wp-json\/wp\/v2\/pages\/244\/revisions"}],"predecessor-version":[{"id":2265,"href":"https:\/\/www.solidarieta.re.it\/index.php\/wp-json\/wp\/v2\/pages\/244\/revisions\/2265"}],"wp:attachment":[{"href":"https:\/\/www.solidarieta.re.it\/index.php\/wp-json\/wp\/v2\/media?parent=244"}],"curies":[{"name":"wp","href":"https:\/\/api.w.org\/{rel}","templated":true}]}}