{"id":223,"date":"2020-11-30T07:32:32","date_gmt":"2020-11-30T06:32:32","guid":{"rendered":"http:\/\/www.ceisreggio.it\/?page_id=223"},"modified":"2021-04-07T05:53:45","modified_gmt":"2021-04-07T03:53:45","slug":"la-nostra-metodologia-di-intervento-e-filosofia-progetto-uomo","status":"publish","type":"page","link":"https:\/\/www.solidarieta.re.it\/index.php\/la-nostra-metodologia-di-intervento-e-filosofia-progetto-uomo\/","title":{"rendered":"La nostra metodologia di intervento e filosofia Progetto Uomo"},"content":{"rendered":"\n<p><strong>&#8220;<em>Progetto Uomo vuol dire amare. Amare tutte le creature e il loro valore, senza giudicarle, ma rispettandole e aiutandole<\/em>&#8221; Don Mario Picchi<\/strong><br><br>Oltre venti anni d&#8217;attivit\u00e0 dei Centri di Solidariet\u00e0 aderenti alla FICT hanno permesso di elaborare le radici, la filosofia e la metodologia del programma <strong>Progetto Uomo<\/strong>, fino a riuscire a delineare una vera e propria pedagogia rivolta al trattamento delle varie forme di disagio, i cui tratti salienti sono la centralit\u00e0 della persona e il concetto di cambiamento.&nbsp;<br>P.U. pone la persona al centro della propria realt\u00e0 e del proprio interesse per aiutarla a trovare le risorse per superare le proprie difficolt\u00e0, rendendola soggetto attivo della propria azione di crescita ed avviare un processo di apprendimento sociale in cui trovare i contenuti e gli stimoli per mettere in atto un effettivo cambiamento.&nbsp;<br>Il nostro Centro elabora una consapevolezza e un sapere progettuale capace di rinnovarsi costantemente, attrezzandosi con criteri, metodologie e tecniche terapeutiche e educative originali, adatte alle diverse nuove forme di disagio della nostra societ\u00e0&nbsp;<br>Tutte le proposte progettuali e di intervento vedono le persone coinvolte come soggetti attivi che possono accrescere la propria capacit\u00e0 di costruire relazioni gratificanti e sviluppare nel tempo competenze sociali e culturali&nbsp;<\/p>\n\n\n\n<p><strong>La nostra Mission consiste nel riattivare e rinnovare le&nbsp; energie umane temporaneamente smarrite,&nbsp; apparentemente spente , sempre presenti, con differenti aspetti e intensit\u00e0, in ogni persona e gruppo.<\/strong><\/p>\n\n\n\n<p><\/p>\n\n\n\n<p>Possono essere richieste informazioni al centralino di via Codro 1\/1 telefono <strong>0522451800<\/strong><\/p>\n","protected":false},"excerpt":{"rendered":"<p>&#8220;Progetto Uomo vuol dire amare. Amare tutte le creature e il loro valore, senza giudicarle, ma rispettandole e aiutandole&#8221; Don Mario Picchi Oltre venti anni d&#8217;attivit\u00e0 dei Centri di Solidariet\u00e0 aderenti alla FICT hanno permesso di elaborare le radici, la filosofia e la metodologia del programma Progetto Uomo, fino a riuscire a delineare una vera [&hellip;]<\/p>\n","protected":false},"author":3,"featured_media":0,"parent":0,"menu_order":0,"comment_status":"closed","ping_status":"closed","template":"","meta":[],"_links":{"self":[{"href":"https:\/\/www.solidarieta.re.it\/index.php\/wp-json\/wp\/v2\/pages\/223"}],"collection":[{"href":"https:\/\/www.solidarieta.re.it\/index.php\/wp-json\/wp\/v2\/pages"}],"about":[{"href":"https:\/\/www.solidarieta.re.it\/index.php\/wp-json\/wp\/v2\/types\/page"}],"author":[{"embeddable":true,"href":"https:\/\/www.solidarieta.re.it\/index.php\/wp-json\/wp\/v2\/users\/3"}],"replies":[{"embeddable":true,"href":"https:\/\/www.solidarieta.re.it\/index.php\/wp-json\/wp\/v2\/comments?post=223"}],"version-history":[{"count":7,"href":"https:\/\/www.solidarieta.re.it\/index.php\/wp-json\/wp\/v2\/pages\/223\/revisions"}],"predecessor-version":[{"id":2611,"href":"https:\/\/www.solidarieta.re.it\/index.php\/wp-json\/wp\/v2\/pages\/223\/revisions\/2611"}],"wp:attachment":[{"href":"https:\/\/www.solidarieta.re.it\/index.php\/wp-json\/wp\/v2\/media?parent=223"}],"curies":[{"name":"wp","href":"https:\/\/api.w.org\/{rel}","templated":true}]}}