{"id":2222,"date":"2021-02-23T10:54:44","date_gmt":"2021-02-23T09:54:44","guid":{"rendered":"http:\/\/www.ceisreggio.it\/?page_id=2222"},"modified":"2021-04-07T05:53:26","modified_gmt":"2021-04-07T03:53:26","slug":"la-nostra-filosofia","status":"publish","type":"page","link":"https:\/\/www.solidarieta.re.it\/index.php\/la-nostra-filosofia\/","title":{"rendered":"La Nostra Filosofia"},"content":{"rendered":"\n<p>Siamo qui perch\u00e9 non c\u2019\u00e8 alcun rifugio<br>dove nasconderci da noi stessi.<\/p>\n\n\n\n<p>Fino a quando una persona non confronta se stessa<br>negli occhi e nei cuori degli altri, scappa.<\/p>\n\n\n\n<p>Fino a che non permette loro di condividere i suoi segreti,<br>non ha scampo da questi.<\/p>\n\n\n\n<p>Timoroso di essere conosciuto,<br>n\u00e9 pu\u00f2 conoscere se stesso n\u00e9 gli altri: sar\u00e0 solo.<\/p>\n\n\n\n<p>Dove altro se non nei nostri punti comuni<br>possiamo trovare un tale specchio?<\/p>\n\n\n\n<p>Qui, insieme, una persona pu\u00f2, alla fine,<br>manifestarsi chiaramente a se stessa,<br>non come il gigante dei suoi sogni<br>n\u00e9 il nano delle sue paure,<br>ma come un uomo parte di un tutto<br>con il suo contributo da offrire.<\/p>\n\n\n\n<p>Su questo terreno<br>noi possiamo mettere radici e crescere,<br>non pi\u00f9 soli, come nella morte,<br>ma vivi a noi stessi e agli altri.<\/p>\n","protected":false},"excerpt":{"rendered":"<p>Siamo qui perch\u00e9 non c\u2019\u00e8 alcun rifugiodove nasconderci da noi stessi. Fino a quando una persona non confronta se stessanegli occhi e nei cuori degli altri, scappa. Fino a che non permette loro di condividere i suoi segreti,non ha scampo da questi. Timoroso di essere conosciuto,n\u00e9 pu\u00f2 conoscere se stesso n\u00e9 gli altri: sar\u00e0 solo. [&hellip;]<\/p>\n","protected":false},"author":3,"featured_media":0,"parent":0,"menu_order":0,"comment_status":"closed","ping_status":"closed","template":"","meta":[],"_links":{"self":[{"href":"https:\/\/www.solidarieta.re.it\/index.php\/wp-json\/wp\/v2\/pages\/2222"}],"collection":[{"href":"https:\/\/www.solidarieta.re.it\/index.php\/wp-json\/wp\/v2\/pages"}],"about":[{"href":"https:\/\/www.solidarieta.re.it\/index.php\/wp-json\/wp\/v2\/types\/page"}],"author":[{"embeddable":true,"href":"https:\/\/www.solidarieta.re.it\/index.php\/wp-json\/wp\/v2\/users\/3"}],"replies":[{"embeddable":true,"href":"https:\/\/www.solidarieta.re.it\/index.php\/wp-json\/wp\/v2\/comments?post=2222"}],"version-history":[{"count":1,"href":"https:\/\/www.solidarieta.re.it\/index.php\/wp-json\/wp\/v2\/pages\/2222\/revisions"}],"predecessor-version":[{"id":2223,"href":"https:\/\/www.solidarieta.re.it\/index.php\/wp-json\/wp\/v2\/pages\/2222\/revisions\/2223"}],"wp:attachment":[{"href":"https:\/\/www.solidarieta.re.it\/index.php\/wp-json\/wp\/v2\/media?parent=2222"}],"curies":[{"name":"wp","href":"https:\/\/api.w.org\/{rel}","templated":true}]}}