{"id":221,"date":"2020-11-30T07:31:45","date_gmt":"2020-11-30T06:31:45","guid":{"rendered":"http:\/\/www.ceisreggio.it\/?page_id=221"},"modified":"2025-07-11T14:27:47","modified_gmt":"2025-07-11T12:27:47","slug":"la-nostra-storia","status":"publish","type":"page","link":"https:\/\/www.solidarieta.re.it\/index.php\/la-nostra-storia\/","title":{"rendered":"La nostra storia"},"content":{"rendered":"\n<p><strong>La nostra Mission consiste nel riattivare e rinnovare le\u00a0 energie umane temporaneamente smarrite,\u00a0 apparentemente spente, sempre presenti, con differenti aspetti e intensit\u00e0, in ogni persona e gruppo<\/strong>.<\/p>\n\n\n\n<p>Il Centro di Solidariet\u00e0 di Reggio Emilia ha iniziato la sua attivit\u00e0 nel 1982, per iniziativa del Comitato Cittadino Antidroga, costituito da un gruppo di genitori di tossicodipendenti in contatto con il Centro Italiano di Solidariet\u00e0 di don Mario Picchi a Roma e in accordo con il Comune di Reggio Emilia e\u00a0il Vescovo di Reggio Emilia, Mons. Gilberto Baroni. Dopo un percorso di formazione, seguito dai futuri operatori, il Centro di Solidariet\u00e0 di Reggio Emilia ha iniziato l\u2019accoglienza di tossicodipendenti e nel 1984 ha aperto la sua comunit\u00e0 terapeutica e la sede per le attivit\u00e0 di reinserimento sociale.<\/p>\n\n\n\n<p>Il Centro di Solidariet\u00e0 di Reggio Emilia trova le sue radici culturali nella storia pluridecennale e diffusa a livello nazionale, grazie ai centri Fict (Federazione Italiana delle Comunit\u00e0 Terapeutiche), del \u201cProgetto Uomo\u201d.<\/p>\n\n\n\n<p>Nel 1987 \u00e8 nata l\u2019Associazione \u201cServire l\u2019Uomo\u201d, per coordinare e sostenere i numerosi volontari che operano sin dai primi anni nel Centro.<\/p>\n\n\n\n<p>Nel 1998 \u00e8 stata aperta \u201cCasa Flora\u201d, casa per i malati di Aids.<\/p>\n\n\n\n<p>Col passare degli anni nuovi bisogni si sono affacciati nel territorio. E\u2019 cos\u00ec iniziata nel 1998&nbsp; l\u2019attivit\u00e0 del Ceis con gli immigrati, e nel 2002 \u00e8 stato aperto il Servizio Immigrati , che si occupa principalmente di accompagnare , orientare e favorire l\u2019occupazione di lavoratori stranieri e italiani, in stretta sinergia con il Centro di Ascolto della parrocchia di San Pellegrino di Reggio Emilia. Dal 2009 il servizio denominato Sportello Assistenti Famigliari \u00e8 in convenzione con il Comune di Reggio Emilia.<\/p>\n\n\n\n<p>Nel 2011 il Ceis ha allargato il suo campo di interventi all\u2019area dei ragazzi minorenni con l\u2019apertura della Casa San Isidoro.<\/p>\n\n\n\n<p>Dal 2014 \u00e8 attivo nell\u2019accoglienza dei migranti richiedenti asilo facendo parte del percorso CAS (Centri Accoglienza Straordinaria).<\/p>\n\n\n\n<p>Con il 1 gennaio 2021 si \u00e8 ulteriormente allargato il campo d\u2019intervento del Centro. La Casa Anziani \u201cSan Pellegrino\u201d e la Scuola dell\u2019Infanzia \u201cSan Pellegrino\u201d, due storici servizi della parrocchia di San Pellegrino, sono passati sotto la gestione del Ceis, rinnovando e rendendo ancora pi\u00f9 forte una collaborazione che durava da diversi anni.<\/p>\n","protected":false},"excerpt":{"rendered":"<p>La nostra Mission consiste nel riattivare e rinnovare le\u00a0 energie umane temporaneamente smarrite,\u00a0 apparentemente spente, sempre presenti, con differenti aspetti e intensit\u00e0, in ogni persona e gruppo. Il Centro di Solidariet\u00e0 di Reggio Emilia ha iniziato la sua attivit\u00e0 nel 1982, per iniziativa del Comitato Cittadino Antidroga, costituito da un gruppo di genitori di tossicodipendenti [&hellip;]<\/p>\n","protected":false},"author":3,"featured_media":0,"parent":0,"menu_order":0,"comment_status":"closed","ping_status":"closed","template":"","meta":[],"_links":{"self":[{"href":"https:\/\/www.solidarieta.re.it\/index.php\/wp-json\/wp\/v2\/pages\/221"}],"collection":[{"href":"https:\/\/www.solidarieta.re.it\/index.php\/wp-json\/wp\/v2\/pages"}],"about":[{"href":"https:\/\/www.solidarieta.re.it\/index.php\/wp-json\/wp\/v2\/types\/page"}],"author":[{"embeddable":true,"href":"https:\/\/www.solidarieta.re.it\/index.php\/wp-json\/wp\/v2\/users\/3"}],"replies":[{"embeddable":true,"href":"https:\/\/www.solidarieta.re.it\/index.php\/wp-json\/wp\/v2\/comments?post=221"}],"version-history":[{"count":13,"href":"https:\/\/www.solidarieta.re.it\/index.php\/wp-json\/wp\/v2\/pages\/221\/revisions"}],"predecessor-version":[{"id":3602,"href":"https:\/\/www.solidarieta.re.it\/index.php\/wp-json\/wp\/v2\/pages\/221\/revisions\/3602"}],"wp:attachment":[{"href":"https:\/\/www.solidarieta.re.it\/index.php\/wp-json\/wp\/v2\/media?parent=221"}],"curies":[{"name":"wp","href":"https:\/\/api.w.org\/{rel}","templated":true}]}}