{"id":2093,"date":"2021-01-27T05:47:53","date_gmt":"2021-01-27T04:47:53","guid":{"rendered":"http:\/\/www.ceisreggio.it\/?page_id=2093"},"modified":"2025-07-14T11:09:16","modified_gmt":"2025-07-14T09:09:16","slug":"lavora-con-noi","status":"publish","type":"page","link":"https:\/\/www.solidarieta.re.it\/index.php\/lavora-con-noi\/","title":{"rendered":"Lavora con noi"},"content":{"rendered":"\n<p>Il Centro di Solidariet\u00e0 di Reggio Emilia impiega per le proprie attivit\u00e0 differenti professionalit\u00e0.<\/p>\n\n\n\n<p>In particolare, siamo interessati a raccogliere cv e a realizzare colloqui con candidati per i seguenti profili:<\/p>\n\n\n\n<p>&#8211; &nbsp;&nbsp;<strong>Educatori <\/strong>(con laurea L-19, L\/SNT\/2, LM-50, LM-57, LM-85, LM-93)<\/p>\n\n\n\n<p>&#8211; &nbsp;&nbsp;&nbsp;<strong>Infermieri <\/strong>(laurea in scienze infermieristiche)<\/p>\n\n\n\n<p>&#8211; &nbsp;&nbsp;<strong>OSS<\/strong><\/p>\n\n\n\n<p>Per informazioni e invio curriculum: candidaturelavoro@solidarieta.re.it  <\/p>\n","protected":false},"excerpt":{"rendered":"<p>Il Centro di Solidariet\u00e0 di Reggio Emilia impiega per le proprie attivit\u00e0 differenti professionalit\u00e0. In particolare, siamo interessati a raccogliere cv e a realizzare colloqui con candidati per i seguenti profili: &#8211; &nbsp;&nbsp;Educatori (con laurea L-19, L\/SNT\/2, LM-50, LM-57, LM-85, LM-93) &#8211; &nbsp;&nbsp;&nbsp;Infermieri (laurea in scienze infermieristiche) &#8211; &nbsp;&nbsp;OSS Per informazioni e invio curriculum: candidaturelavoro@solidarieta.re.it<\/p>\n","protected":false},"author":2,"featured_media":0,"parent":0,"menu_order":0,"comment_status":"closed","ping_status":"closed","template":"","meta":[],"_links":{"self":[{"href":"https:\/\/www.solidarieta.re.it\/index.php\/wp-json\/wp\/v2\/pages\/2093"}],"collection":[{"href":"https:\/\/www.solidarieta.re.it\/index.php\/wp-json\/wp\/v2\/pages"}],"about":[{"href":"https:\/\/www.solidarieta.re.it\/index.php\/wp-json\/wp\/v2\/types\/page"}],"author":[{"embeddable":true,"href":"https:\/\/www.solidarieta.re.it\/index.php\/wp-json\/wp\/v2\/users\/2"}],"replies":[{"embeddable":true,"href":"https:\/\/www.solidarieta.re.it\/index.php\/wp-json\/wp\/v2\/comments?post=2093"}],"version-history":[{"count":6,"href":"https:\/\/www.solidarieta.re.it\/index.php\/wp-json\/wp\/v2\/pages\/2093\/revisions"}],"predecessor-version":[{"id":3604,"href":"https:\/\/www.solidarieta.re.it\/index.php\/wp-json\/wp\/v2\/pages\/2093\/revisions\/3604"}],"wp:attachment":[{"href":"https:\/\/www.solidarieta.re.it\/index.php\/wp-json\/wp\/v2\/media?parent=2093"}],"curies":[{"name":"wp","href":"https:\/\/api.w.org\/{rel}","templated":true}]}}